{"id":3446,"date":"2015-09-05T18:53:55","date_gmt":"2015-09-05T17:53:55","guid":{"rendered":"https:\/\/www.teamway.ch\/?page_id=3446"},"modified":"2021-08-11T16:49:47","modified_gmt":"2021-08-11T15:49:47","slug":"team-building-activities","status":"publish","type":"page","link":"https:\/\/www.teamway.ch\/en\/team-building-activities\/","title":{"rendered":"Informations"},"content":{"rendered":"<p>[et_pb_section fb_built=&#8221;1&#8243; prev_background_color=&#8221;#000000&#8243; admin_label=&#8221;section&#8221; module_class=&#8221;dividersection-general&#8221; _builder_version=&#8221;3.22&#8243; top_divider_style=&#8221;slant&#8221;][et_pb_row padding_mobile=&#8221;off&#8221; admin_label=&#8221;row&#8221; _builder_version=&#8221;3.25&#8243; background_size=&#8221;initial&#8221; background_position=&#8221;top_left&#8221; background_repeat=&#8221;repeat&#8221;][et_pb_column type=&#8221;4_4&#8243; _builder_version=&#8221;3.25&#8243; custom_padding=&#8221;|||&#8221; custom_padding__hover=&#8221;|||&#8221;][et_pb_text admin_label=&#8221;Texte&#8221; _builder_version=&#8221;4.4.2&#8243; text_font=&#8221;||||||||&#8221; background_size=&#8221;initial&#8221; background_position=&#8221;top_left&#8221; background_repeat=&#8221;repeat&#8221; text_orientation=&#8221;center&#8221; use_border_color=&#8221;off&#8221; border_color=&#8221;#ffffff&#8221; border_style=&#8221;solid&#8221;]<\/p>\n<h1><span style=\"color: #ff6600; font-size: 30px;\">TEAM BUILDING ACTIVITIES, EVENTS AND INCENTIVE PROGRAMS<\/span><\/h1>\n<p>[\/et_pb_text][et_pb_text admin_label=&#8221;Breadcrumb en non product pages&#8221; module_class=&#8221;breadcrumb&#8221; _builder_version=&#8221;3.27.4&#8243; saved_tabs=&#8221;all&#8221;]<\/p>\n<p>You are here : <span><span><a href=\"https:\/\/www.teamway.ch\/\">Home<\/a><\/span><\/span><\/p>\n<p>[\/et_pb_text][\/et_pb_column][\/et_pb_row][et_pb_row admin_label=&#8221;row&#8221; _builder_version=&#8221;3.25&#8243; background_size=&#8221;initial&#8221; background_position=&#8221;top_left&#8221; background_repeat=&#8221;repeat&#8221;][et_pb_column type=&#8221;4_4&#8243; _builder_version=&#8221;3.25&#8243; custom_padding=&#8221;|||&#8221; custom_padding__hover=&#8221;|||&#8221;][et_pb_text admin_label=&#8221;Texte&#8221; _builder_version=&#8221;4.9.10&#8243; background_size=&#8221;initial&#8221; background_position=&#8221;top_left&#8221; background_repeat=&#8221;repeat&#8221; hover_enabled=&#8221;0&#8243; use_border_color=&#8221;off&#8221; border_color=&#8221;#ffffff&#8221; border_style=&#8221;solid&#8221; sticky_enabled=&#8221;0&#8243;]<\/p>\n<h1><\/h1>\n<p><img loading=\"lazy\" decoding=\"async\" class=\"alignnone size-full wp-image-1368\" src=\"https:\/\/www.teamway.ch\/wp-content\/uploads\/2013\/01\/domino.jpg\" alt=\"domino\" width=\"960\" height=\"160\" data-id=\"1368\" srcset=\"https:\/\/www.teamway.ch\/wp-content\/uploads\/2013\/01\/domino.jpg 960w, https:\/\/www.teamway.ch\/wp-content\/uploads\/2013\/01\/domino-300x50.jpg 300w, https:\/\/www.teamway.ch\/wp-content\/uploads\/2013\/01\/domino-200x33.jpg 200w\" sizes=\"(max-width: 960px) 100vw, 960px\" \/><\/p>\n<h2><strong>Adaptation &amp; Openness! A Short Description<\/strong><\/h2>\n<p>The short description gives\u00a0a general idea about the <strong>team building activities<\/strong>. It helps you to better understand the <strong>teambuilding activities<\/strong> and the possible modifications. If in doubt we have additional information available on request.<\/p>\n<h2><strong>Objective<\/strong><\/h2>\n<p>The objectives that we mention for each activity are not exhaustive. Depending on how you want your event to be managed, it is possible to adapt the <strong>team building<\/strong>\u00a0<strong>activities<\/strong><strong>, i<\/strong>n order to accomplish your team\u2019s personal objectives.<\/p>\n<h2><strong>Skills &amp; Performance<\/strong><\/h2>\n<p>Each activity targets specific personal and interpersonal skills that are fundamental in a perfectly functioning team. Our <strong>team building activities<\/strong> are easily adapted, developed and changed according to the professional skills and performance goals your business would like to improve.<\/p>\n<h2><strong>Programs<\/strong><\/h2>\n<p>The different programs that we offer are ideally suited to the development of <a href=\"https:\/\/www.teamway.ch\/en\/team-building-activities-exercises\/\">Team Building<\/a>. Depending on your chosen direction our <strong>team building activities<\/strong> can be adapted to suit an additional program.<\/p>\n<h2><strong>Location<\/strong><\/h2>\n<p>If you aren\u2019t particular about where your event is held we can offer a choice of locations to hold our <strong>teambuilding activities<\/strong>. Our transport expenses in Geneva and the surrounding area are included as part of the package.<\/p>\n<h2><strong>Weather<\/strong><\/h2>\n<p>In case of weather conditions jeopardising the security of participants and in-turn not allowing the realisation of your <strong>team building events<\/strong>, a few days before <a href=\"https:\/\/www.teamway.ch\/en\/the-team\/\">Teamway<\/a> is able to offer a choice of a replacement activity.<\/p>\n<h2><strong>Duration<\/strong><\/h2>\n<p>The duration indicates the average time necessary to complete one of our <strong>team building<\/strong> <strong>activities<\/strong>. However, depending on your agenda, it is possible to adapt the content.<\/p>\n<h2><strong>Participants<\/strong><\/h2>\n<p>The number of people mentioned in this summary is an average estimate. Nevertheless, in our <strong>team building events<\/strong>, we regularly have groups between 200 and 800 participants as well as small groups.<\/p>\n<h2><strong>Price<\/strong><\/h2>\n<p>Rates are calculated before tax. They are calculated on a basic service, taking into account the number participating as mentioned above. Depending on the timing of the <strong>team building events<\/strong>, the prices may be readjusted in your favour.<\/p>\n<p>[\/et_pb_text][\/et_pb_column][\/et_pb_row][\/et_pb_section]<\/p>\n","protected":false},"excerpt":{"rendered":"<p>TEAM BUILDING ACTIVITIES, EVENTS AND INCENTIVE PROGRAMSYou are here : <span><span><a href=\"https:\/\/www.teamway.ch\/\">Home<\/a><\/span><\/span> Adaptation &amp; Openness! A Short Description The short description gives\u00a0a general idea about the team building activities. It helps you to better understand the teambuilding activities and the possible modifications. If in doubt we have additional information available on request. Objective The objectives that [&hellip;]<\/p>\n","protected":false},"author":6,"featured_media":0,"parent":0,"menu_order":0,"comment_status":"closed","ping_status":"closed","template":"","meta":{"_et_pb_use_builder":"on","_et_pb_old_content":"<h1><span style=\"color: #c0c0c0;\">Seminaire incentive Team Building<\/span><\/h1><p><img class=\"alignnone size-full wp-image-206591\" src=\"https:\/\/www.teamway.ch\/wp-content\/uploads\/2013\/01\/domino.jpg\" alt=\"domino\" width=\"960\" height=\"160\" data-id=\"1368\" \/><\/p><h2><strong>Adaptation & ouverture!<\/strong><\/h2><p>Le descriptif donne une id\u00e9e g\u00e9n\u00e9rale du d\u00e9roulement de l\u2019activit\u00e9. Pour une parfaite compr\u00e9hension du fonctionnement de l\u2019activit\u00e9 et des ajustements possibles, nous tenons \u00e0 votre disposition un compl\u00e9ment d\u2019information.<\/p><h2><strong>Objectif<\/strong><\/h2><p>Les objectifs que nous mentionnons pour chaque activit\u00e9 ne sont pas exhaustifs. Selon la direction que vous d\u00e9sirez donner \u00e0 votre \u00e9v\u00e9nement, il est possible de concilier les objectifs correspondants en adaptant l\u2019activit\u00e9.<\/p><h2><strong>Comp\u00e9tences & comportements<\/strong><\/h2><p>Les comp\u00e9tences et comportements li\u00e9s \u00e0 la pratique de l\u2019activit\u00e9 peuvent s\u2019adapter, \u00e9voluer ou changer selon les objectifs que vous aurez d\u00e9finis tout en restant coh\u00e9rent pour effectuer les transferts avec la r\u00e9alit\u00e9 professionnelle.<\/p><h2><strong>Programmes<\/strong><\/h2><p>Les activit\u00e9s propos\u00e9es conviennent id\u00e9alement au(x) programme(s) indiqu\u00e9(s): Team Building ou Team Spirit. Selon l\u2019orientation donn\u00e9e, l\u2019activit\u00e9 peut \u00eatre adapt\u00e9e \u00e0 un programme compl\u00e9mentaire.<\/p><h2><strong>Lieu<\/strong><\/h2><p>Si vous n\u2019avez pas d\u2019emplacement sp\u00e9cifique o\u00f9 r\u00e9aliser votre \u00e9v\u00e9nement, nous vous proposons un choix de lieux permettant d\u2019effectuer nos activit\u00e9s. Nos frais de d\u00e9placements sur Gen\u00e8ve et environs sont inclus dans les prestations.<\/p><h2><strong>M\u00e9t\u00e9o<\/strong><\/h2><p>Lorsque les pr\u00e9visions m\u00e9t\u00e9o, pour des raisons de s\u00e9curit\u00e9, ne permettent pas de r\u00e9aliser votre \u00e9v\u00e8nement, quelques jours avant nous vous proposons en lieu et place le choix d\u2019une autre activit\u00e9.<\/p><h2><strong>Dur\u00e9e<\/strong><\/h2><p>La dur\u00e9e indique le temps moyen n\u00e9cessaire pour pratiquer l\u2019une ou l\u2019autre de nos activit\u00e9s. Cependant, selon votre agenda, il est possible d\u2019adapter le contenu en fonction de vos disponibilit\u00e9s.<\/p><h2><strong>Participants<\/strong><\/h2><p>Le nombre de personnes mentionn\u00e9 dans cette rubrique est une estimation moyenne. N\u00e9anmoins nous intervenons r\u00e9guli\u00e8rement pour des groupes allant de 200 \u00e0 800 participants ainsi que pour des petites \u00e9quipes.<\/p><h2><strong>Prix<\/strong><\/h2><p>Les tarifs sont indiqu\u00e9s hors taxes. Ils sont calcul\u00e9s sur une prestation de base, prenant en consid\u00e9ration le taux de participation sup\u00e9rieur mentionn\u00e9. En fonction de la date de l\u2019\u00e9v\u00e9nement, les prix peuvent \u00eatre r\u00e9ajust\u00e9s en votre faveur.<\/p>","_et_gb_content_width":"","footnotes":""},"dipi_cpt_category":[],"class_list":["post-3446","page","type-page","status-publish","hentry"],"yoast_head":"<!-- This site is optimized with the Yoast SEO plugin v27.2 - https:\/\/yoast.com\/product\/yoast-seo-wordpress\/ -->\n<title>Team building events and seminar organization in Geneva - Teamway<\/title>\n<meta name=\"description\" content=\"Discover our Team Building activities, events and incentive programs. Our mission is to improve the functioning and cohesion between team members.\" \/>\n<meta name=\"robots\" content=\"index, follow, max-snippet:-1, max-image-preview:large, max-video-preview:-1\" \/>\n<link rel=\"canonical\" href=\"https:\/\/www.teamway.ch\/en\/team-building-activities\/\" \/>\n<meta property=\"og:locale\" content=\"en_US\" \/>\n<meta property=\"og:type\" content=\"article\" \/>\n<meta property=\"og:title\" content=\"Team building events and seminar organization in Geneva - Teamway\" \/>\n<meta property=\"og:description\" content=\"Discover our Team Building activities, events and incentive programs. Our mission is to improve the functioning and cohesion between team members.\" \/>\n<meta property=\"og:url\" content=\"https:\/\/www.teamway.ch\/en\/team-building-activities\/\" \/>\n<meta property=\"og:site_name\" content=\"Teamway.ch\" \/>\n<meta property=\"article:modified_time\" content=\"2021-08-11T15:49:47+00:00\" \/>\n<meta property=\"og:image\" content=\"https:\/\/www.teamway.ch\/wp-content\/uploads\/2013\/01\/domino.jpg\" \/>\n<meta name=\"twitter:card\" content=\"summary_large_image\" \/>\n<meta name=\"twitter:label1\" content=\"Est. reading time\" \/>\n\t<meta name=\"twitter:data1\" content=\"3 minutes\" \/>\n<script type=\"application\/ld+json\" class=\"yoast-schema-graph\">{\"@context\":\"https:\/\/schema.org\",\"@graph\":[{\"@type\":\"WebPage\",\"@id\":\"https:\/\/www.teamway.ch\/en\/team-building-activities\/\",\"url\":\"https:\/\/www.teamway.ch\/en\/team-building-activities\/\",\"name\":\"Team building events and seminar organization in Geneva - Teamway\",\"isPartOf\":{\"@id\":\"https:\/\/www.teamway.ch\/#website\"},\"primaryImageOfPage\":{\"@id\":\"https:\/\/www.teamway.ch\/en\/team-building-activities\/#primaryimage\"},\"image\":{\"@id\":\"https:\/\/www.teamway.ch\/en\/team-building-activities\/#primaryimage\"},\"thumbnailUrl\":\"https:\/\/www.teamway.ch\/wp-content\/uploads\/2013\/01\/domino.jpg\",\"datePublished\":\"2015-09-05T17:53:55+00:00\",\"dateModified\":\"2021-08-11T15:49:47+00:00\",\"description\":\"Discover our Team Building activities, events and incentive programs. Our mission is to improve the functioning and cohesion between team members.\",\"breadcrumb\":{\"@id\":\"https:\/\/www.teamway.ch\/en\/team-building-activities\/#breadcrumb\"},\"inLanguage\":\"en-US\",\"potentialAction\":[{\"@type\":\"ReadAction\",\"target\":[\"https:\/\/www.teamway.ch\/en\/team-building-activities\/\"]}]},{\"@type\":\"ImageObject\",\"inLanguage\":\"en-US\",\"@id\":\"https:\/\/www.teamway.ch\/en\/team-building-activities\/#primaryimage\",\"url\":\"https:\/\/www.teamway.ch\/wp-content\/uploads\/2013\/01\/domino.jpg\",\"contentUrl\":\"https:\/\/www.teamway.ch\/wp-content\/uploads\/2013\/01\/domino.jpg\"},{\"@type\":\"BreadcrumbList\",\"@id\":\"https:\/\/www.teamway.ch\/en\/team-building-activities\/#breadcrumb\",\"itemListElement\":[{\"@type\":\"ListItem\",\"position\":1,\"name\":\"Home\",\"item\":\"https:\/\/www.teamway.ch\/\"},{\"@type\":\"ListItem\",\"position\":2,\"name\":\"Informations\"}]},{\"@type\":\"WebSite\",\"@id\":\"https:\/\/www.teamway.ch\/#website\",\"url\":\"https:\/\/www.teamway.ch\/\",\"name\":\"Teamway.ch\",\"description\":\"Team building, formations et facilitation\",\"potentialAction\":[{\"@type\":\"SearchAction\",\"target\":{\"@type\":\"EntryPoint\",\"urlTemplate\":\"https:\/\/www.teamway.ch\/?s={search_term_string}\"},\"query-input\":{\"@type\":\"PropertyValueSpecification\",\"valueRequired\":true,\"valueName\":\"search_term_string\"}}],\"inLanguage\":\"en-US\"}]}<\/script>\n<!-- \/ Yoast SEO plugin. -->","yoast_head_json":{"title":"Team building events and seminar organization in Geneva - Teamway","description":"Discover our Team Building activities, events and incentive programs. Our mission is to improve the functioning and cohesion between team members.","robots":{"index":"index","follow":"follow","max-snippet":"max-snippet:-1","max-image-preview":"max-image-preview:large","max-video-preview":"max-video-preview:-1"},"canonical":"https:\/\/www.teamway.ch\/en\/team-building-activities\/","og_locale":"en_US","og_type":"article","og_title":"Team building events and seminar organization in Geneva - Teamway","og_description":"Discover our Team Building activities, events and incentive programs. Our mission is to improve the functioning and cohesion between team members.","og_url":"https:\/\/www.teamway.ch\/en\/team-building-activities\/","og_site_name":"Teamway.ch","article_modified_time":"2021-08-11T15:49:47+00:00","og_image":[{"url":"https:\/\/www.teamway.ch\/wp-content\/uploads\/2013\/01\/domino.jpg","type":"","width":"","height":""}],"twitter_card":"summary_large_image","twitter_misc":{"Est. reading time":"3 minutes"},"schema":{"@context":"https:\/\/schema.org","@graph":[{"@type":"WebPage","@id":"https:\/\/www.teamway.ch\/en\/team-building-activities\/","url":"https:\/\/www.teamway.ch\/en\/team-building-activities\/","name":"Team building events and seminar organization in Geneva - Teamway","isPartOf":{"@id":"https:\/\/www.teamway.ch\/#website"},"primaryImageOfPage":{"@id":"https:\/\/www.teamway.ch\/en\/team-building-activities\/#primaryimage"},"image":{"@id":"https:\/\/www.teamway.ch\/en\/team-building-activities\/#primaryimage"},"thumbnailUrl":"https:\/\/www.teamway.ch\/wp-content\/uploads\/2013\/01\/domino.jpg","datePublished":"2015-09-05T17:53:55+00:00","dateModified":"2021-08-11T15:49:47+00:00","description":"Discover our Team Building activities, events and incentive programs. Our mission is to improve the functioning and cohesion between team members.","breadcrumb":{"@id":"https:\/\/www.teamway.ch\/en\/team-building-activities\/#breadcrumb"},"inLanguage":"en-US","potentialAction":[{"@type":"ReadAction","target":["https:\/\/www.teamway.ch\/en\/team-building-activities\/"]}]},{"@type":"ImageObject","inLanguage":"en-US","@id":"https:\/\/www.teamway.ch\/en\/team-building-activities\/#primaryimage","url":"https:\/\/www.teamway.ch\/wp-content\/uploads\/2013\/01\/domino.jpg","contentUrl":"https:\/\/www.teamway.ch\/wp-content\/uploads\/2013\/01\/domino.jpg"},{"@type":"BreadcrumbList","@id":"https:\/\/www.teamway.ch\/en\/team-building-activities\/#breadcrumb","itemListElement":[{"@type":"ListItem","position":1,"name":"Home","item":"https:\/\/www.teamway.ch\/"},{"@type":"ListItem","position":2,"name":"Informations"}]},{"@type":"WebSite","@id":"https:\/\/www.teamway.ch\/#website","url":"https:\/\/www.teamway.ch\/","name":"Teamway.ch","description":"Team building, formations et facilitation","potentialAction":[{"@type":"SearchAction","target":{"@type":"EntryPoint","urlTemplate":"https:\/\/www.teamway.ch\/?s={search_term_string}"},"query-input":{"@type":"PropertyValueSpecification","valueRequired":true,"valueName":"search_term_string"}}],"inLanguage":"en-US"}]}},"_links":{"self":[{"href":"https:\/\/www.teamway.ch\/en\/wp-json\/wp\/v2\/pages\/3446","targetHints":{"allow":["GET"]}}],"collection":[{"href":"https:\/\/www.teamway.ch\/en\/wp-json\/wp\/v2\/pages"}],"about":[{"href":"https:\/\/www.teamway.ch\/en\/wp-json\/wp\/v2\/types\/page"}],"author":[{"embeddable":true,"href":"https:\/\/www.teamway.ch\/en\/wp-json\/wp\/v2\/users\/6"}],"replies":[{"embeddable":true,"href":"https:\/\/www.teamway.ch\/en\/wp-json\/wp\/v2\/comments?post=3446"}],"version-history":[{"count":12,"href":"https:\/\/www.teamway.ch\/en\/wp-json\/wp\/v2\/pages\/3446\/revisions"}],"predecessor-version":[{"id":219628,"href":"https:\/\/www.teamway.ch\/en\/wp-json\/wp\/v2\/pages\/3446\/revisions\/219628"}],"wp:attachment":[{"href":"https:\/\/www.teamway.ch\/en\/wp-json\/wp\/v2\/media?parent=3446"}],"wp:term":[{"taxonomy":"dipi_cpt_category","embeddable":true,"href":"https:\/\/www.teamway.ch\/en\/wp-json\/wp\/v2\/dipi_cpt_category?post=3446"}],"curies":[{"name":"wp","href":"https:\/\/api.w.org\/{rel}","templated":true}]}}